{"id":820,"date":"2025-01-31T22:14:49","date_gmt":"2025-01-31T22:14:49","guid":{"rendered":"https:\/\/parking.bled.si\/subscriptions\/"},"modified":"2025-02-20T12:23:20","modified_gmt":"2025-02-20T12:23:20","slug":"subscriptions","status":"publish","type":"page","link":"https:\/\/parking.bled.si\/en\/subscriptions\/","title":{"rendered":"Subscriptions"},"content":{"rendered":"","protected":false},"excerpt":{"rendered":"","protected":false},"author":2,"featured_media":0,"parent":0,"menu_order":0,"comment_status":"closed","ping_status":"closed","template":"","meta":{"footnotes":""},"class_list":["post-820","page","type-page","status-publish","hentry"],"yoast_head":"<!-- This site is optimized with the Yoast SEO plugin v27.2 - https:\/\/yoast.com\/product\/yoast-seo-wordpress\/ -->\n<title>Subscriptions - Parking Bled - Easy Purchase &amp; Parking<\/title>\n<meta name=\"description\" content=\"The Bled parking subscription provides easy access to parking spaces in the Municipality of Bled. Park with ease all year round!\" \/>\n<meta name=\"robots\" content=\"index, follow, max-snippet:-1, max-image-preview:large, max-video-preview:-1\" \/>\n<link rel=\"canonical\" href=\"https:\/\/parking.bled.si\/en\/subscriptions\/\" \/>\n<meta property=\"og:locale\" content=\"en_US\" \/>\n<meta property=\"og:type\" content=\"article\" \/>\n<meta property=\"og:title\" content=\"Subscriptions - Parking Bled - Easy Purchase &amp; Parking\" \/>\n<meta property=\"og:description\" content=\"The Bled parking subscription provides easy access to parking spaces in the Municipality of Bled. Park with ease all year round!\" \/>\n<meta property=\"og:url\" content=\"https:\/\/parking.bled.si\/en\/subscriptions\/\" \/>\n<meta property=\"og:site_name\" content=\"Parking Bled\" \/>\n<meta property=\"article:modified_time\" content=\"2025-02-20T12:23:20+00:00\" \/>\n<meta property=\"og:image\" content=\"https:\/\/parking.bled.si\/wp-content\/uploads\/2025\/02\/Bled-scaled.webp\" \/>\n\t<meta property=\"og:image:width\" content=\"2560\" \/>\n\t<meta property=\"og:image:height\" content=\"1707\" \/>\n\t<meta property=\"og:image:type\" content=\"image\/webp\" \/>\n<meta name=\"twitter:card\" content=\"summary_large_image\" \/>\n<script type=\"application\/ld+json\" class=\"yoast-schema-graph\">{\"@context\":\"https:\/\/schema.org\",\"@graph\":[{\"@type\":\"WebPage\",\"@id\":\"https:\/\/parking.bled.si\/en\/subscriptions\/\",\"url\":\"https:\/\/parking.bled.si\/en\/subscriptions\/\",\"name\":\"Subscriptions - Parking Bled - Easy Purchase & Parking\",\"isPartOf\":{\"@id\":\"https:\/\/parking.bled.si\/en\/#website\"},\"datePublished\":\"2025-01-31T22:14:49+00:00\",\"dateModified\":\"2025-02-20T12:23:20+00:00\",\"description\":\"The Bled parking subscription provides easy access to parking spaces in the Municipality of Bled. Park with ease all year round!\",\"breadcrumb\":{\"@id\":\"https:\/\/parking.bled.si\/en\/subscriptions\/#breadcrumb\"},\"inLanguage\":\"en-US\",\"potentialAction\":[{\"@type\":\"ReadAction\",\"target\":[\"https:\/\/parking.bled.si\/en\/subscriptions\/\"]}]},{\"@type\":\"BreadcrumbList\",\"@id\":\"https:\/\/parking.bled.si\/en\/subscriptions\/#breadcrumb\",\"itemListElement\":[{\"@type\":\"ListItem\",\"position\":1,\"name\":\"Home\",\"item\":\"https:\/\/parking.bled.si\/en\/\"},{\"@type\":\"ListItem\",\"position\":2,\"name\":\"Subscriptions\"}]},{\"@type\":\"WebSite\",\"@id\":\"https:\/\/parking.bled.si\/en\/#website\",\"url\":\"https:\/\/parking.bled.si\/en\/\",\"name\":\"Parkiri\u0161\u010da Bled\",\"description\":\"Parkiri\u0161\u010da v ob\u010dini Bled\",\"publisher\":{\"@id\":\"https:\/\/parking.bled.si\/en\/#organization\"},\"potentialAction\":[{\"@type\":\"SearchAction\",\"target\":{\"@type\":\"EntryPoint\",\"urlTemplate\":\"https:\/\/parking.bled.si\/en\/?s={search_term_string}\"},\"query-input\":{\"@type\":\"PropertyValueSpecification\",\"valueRequired\":true,\"valueName\":\"search_term_string\"}}],\"inLanguage\":\"en-US\"},{\"@type\":\"Organization\",\"@id\":\"https:\/\/parking.bled.si\/en\/#organization\",\"name\":\"Parking Bled\",\"url\":\"https:\/\/parking.bled.si\/en\/\",\"logo\":{\"@type\":\"ImageObject\",\"inLanguage\":\"en-US\",\"@id\":\"https:\/\/parking.bled.si\/en\/#\/schema\/logo\/image\/\",\"url\":\"https:\/\/parking.bled.si\/wp-content\/uploads\/2025\/02\/bled-logo-grb.png\",\"contentUrl\":\"https:\/\/parking.bled.si\/wp-content\/uploads\/2025\/02\/bled-logo-grb.png\",\"width\":512,\"height\":512,\"caption\":\"Parking Bled\"},\"image\":{\"@id\":\"https:\/\/parking.bled.si\/en\/#\/schema\/logo\/image\/\"}}]}<\/script>\n<!-- \/ Yoast SEO plugin. -->","yoast_head_json":{"title":"Subscriptions - Parking Bled - Easy Purchase & Parking","description":"The Bled parking subscription provides easy access to parking spaces in the Municipality of Bled. Park with ease all year round!","robots":{"index":"index","follow":"follow","max-snippet":"max-snippet:-1","max-image-preview":"max-image-preview:large","max-video-preview":"max-video-preview:-1"},"canonical":"https:\/\/parking.bled.si\/en\/subscriptions\/","og_locale":"en_US","og_type":"article","og_title":"Subscriptions - Parking Bled - Easy Purchase & Parking","og_description":"The Bled parking subscription provides easy access to parking spaces in the Municipality of Bled. Park with ease all year round!","og_url":"https:\/\/parking.bled.si\/en\/subscriptions\/","og_site_name":"Parking Bled","article_modified_time":"2025-02-20T12:23:20+00:00","og_image":[{"width":2560,"height":1707,"url":"https:\/\/parking.bled.si\/wp-content\/uploads\/2025\/02\/Bled-scaled.webp","type":"image\/webp"}],"twitter_card":"summary_large_image","schema":{"@context":"https:\/\/schema.org","@graph":[{"@type":"WebPage","@id":"https:\/\/parking.bled.si\/en\/subscriptions\/","url":"https:\/\/parking.bled.si\/en\/subscriptions\/","name":"Subscriptions - Parking Bled - Easy Purchase & Parking","isPartOf":{"@id":"https:\/\/parking.bled.si\/en\/#website"},"datePublished":"2025-01-31T22:14:49+00:00","dateModified":"2025-02-20T12:23:20+00:00","description":"The Bled parking subscription provides easy access to parking spaces in the Municipality of Bled. Park with ease all year round!","breadcrumb":{"@id":"https:\/\/parking.bled.si\/en\/subscriptions\/#breadcrumb"},"inLanguage":"en-US","potentialAction":[{"@type":"ReadAction","target":["https:\/\/parking.bled.si\/en\/subscriptions\/"]}]},{"@type":"BreadcrumbList","@id":"https:\/\/parking.bled.si\/en\/subscriptions\/#breadcrumb","itemListElement":[{"@type":"ListItem","position":1,"name":"Home","item":"https:\/\/parking.bled.si\/en\/"},{"@type":"ListItem","position":2,"name":"Subscriptions"}]},{"@type":"WebSite","@id":"https:\/\/parking.bled.si\/en\/#website","url":"https:\/\/parking.bled.si\/en\/","name":"Parkiri\u0161\u010da Bled","description":"Parkiri\u0161\u010da v ob\u010dini Bled","publisher":{"@id":"https:\/\/parking.bled.si\/en\/#organization"},"potentialAction":[{"@type":"SearchAction","target":{"@type":"EntryPoint","urlTemplate":"https:\/\/parking.bled.si\/en\/?s={search_term_string}"},"query-input":{"@type":"PropertyValueSpecification","valueRequired":true,"valueName":"search_term_string"}}],"inLanguage":"en-US"},{"@type":"Organization","@id":"https:\/\/parking.bled.si\/en\/#organization","name":"Parking Bled","url":"https:\/\/parking.bled.si\/en\/","logo":{"@type":"ImageObject","inLanguage":"en-US","@id":"https:\/\/parking.bled.si\/en\/#\/schema\/logo\/image\/","url":"https:\/\/parking.bled.si\/wp-content\/uploads\/2025\/02\/bled-logo-grb.png","contentUrl":"https:\/\/parking.bled.si\/wp-content\/uploads\/2025\/02\/bled-logo-grb.png","width":512,"height":512,"caption":"Parking Bled"},"image":{"@id":"https:\/\/parking.bled.si\/en\/#\/schema\/logo\/image\/"}}]}},"_links":{"self":[{"href":"https:\/\/parking.bled.si\/en\/wp-json\/wp\/v2\/pages\/820","targetHints":{"allow":["GET"]}}],"collection":[{"href":"https:\/\/parking.bled.si\/en\/wp-json\/wp\/v2\/pages"}],"about":[{"href":"https:\/\/parking.bled.si\/en\/wp-json\/wp\/v2\/types\/page"}],"author":[{"embeddable":true,"href":"https:\/\/parking.bled.si\/en\/wp-json\/wp\/v2\/users\/2"}],"replies":[{"embeddable":true,"href":"https:\/\/parking.bled.si\/en\/wp-json\/wp\/v2\/comments?post=820"}],"version-history":[{"count":1,"href":"https:\/\/parking.bled.si\/en\/wp-json\/wp\/v2\/pages\/820\/revisions"}],"predecessor-version":[{"id":832,"href":"https:\/\/parking.bled.si\/en\/wp-json\/wp\/v2\/pages\/820\/revisions\/832"}],"wp:attachment":[{"href":"https:\/\/parking.bled.si\/en\/wp-json\/wp\/v2\/media?parent=820"}],"curies":[{"name":"wp","href":"https:\/\/api.w.org\/{rel}","templated":true}]}}