{"id":645,"date":"2025-01-31T22:15:00","date_gmt":"2025-01-31T22:15:00","guid":{"rendered":"https:\/\/parking.bled.si\/contact\/"},"modified":"2025-02-20T12:20:44","modified_gmt":"2025-02-20T12:20:44","slug":"contact","status":"publish","type":"page","link":"https:\/\/parking.bled.si\/en\/contact\/","title":{"rendered":"Contact"},"content":{"rendered":"\t\t<div data-elementor-type=\"wp-page\" data-elementor-id=\"645\" class=\"elementor elementor-645 elementor-19\" data-elementor-post-type=\"page\">\n\t\t\t\t<div class=\"elementor-element elementor-element-2e69db6 e-grid e-con-boxed e-con e-parent\" data-id=\"2e69db6\" data-element_type=\"container\" data-e-type=\"container\">\n\t\t\t\t\t<div class=\"e-con-inner\">\n\t\t<div class=\"elementor-element elementor-element-28c4f79 e-con-full e-flex e-con e-child\" data-id=\"28c4f79\" data-element_type=\"container\" data-e-type=\"container\">\n\t\t\t\t<div class=\"elementor-element elementor-element-f55e4de elementor-widget__width-inherit elementor-widget elementor-widget-heading\" data-id=\"f55e4de\" data-element_type=\"widget\" data-e-type=\"widget\" data-widget_type=\"heading.default\">\n\t\t\t\t<div class=\"elementor-widget-container\">\n\t\t\t\t\t<h1 class=\"elementor-heading-title elementor-size-default\">Contact<\/h1>\t\t\t\t<\/div>\n\t\t\t\t<\/div>\n\t\t<div class=\"elementor-element elementor-element-c9e260f e-flex e-con-boxed e-con e-child\" data-id=\"c9e260f\" data-element_type=\"container\" data-e-type=\"container\">\n\t\t\t\t\t<div class=\"e-con-inner\">\n\t\t<div class=\"elementor-element elementor-element-fa80e6e e-flex e-con-boxed e-con e-child\" data-id=\"fa80e6e\" data-element_type=\"container\" data-e-type=\"container\">\n\t\t\t\t\t<div class=\"e-con-inner\">\n\t\t\t\t<div class=\"elementor-element elementor-element-23f1122 elementor-widget elementor-widget-heading\" data-id=\"23f1122\" data-element_type=\"widget\" data-e-type=\"widget\" data-widget_type=\"heading.default\">\n\t\t\t\t<div class=\"elementor-widget-container\">\n\t\t\t\t\t<h2 class=\"elementor-heading-title elementor-size-default\">Car park operator<\/h2>\t\t\t\t<\/div>\n\t\t\t\t<\/div>\n\t\t\t\t<div class=\"elementor-element elementor-element-10215e4 elementor-icon-list--layout-traditional elementor-list-item-link-full_width elementor-widget elementor-widget-icon-list\" data-id=\"10215e4\" data-element_type=\"widget\" data-e-type=\"widget\" data-widget_type=\"icon-list.default\">\n\t\t\t\t<div class=\"elementor-widget-container\">\n\t\t\t\t\t\t\t<ul class=\"elementor-icon-list-items\">\n\t\t\t\t\t\t\t<li class=\"elementor-icon-list-item\">\n\t\t\t\t\t\t\t\t\t\t\t<a href=\"https:\/\/www.e-bled.si\/\" target=\"_blank\">\n\n\t\t\t\t\t\t\t\t\t\t\t\t<span class=\"elementor-icon-list-icon\">\n\t\t\t\t\t\t\t<svg aria-hidden=\"true\" class=\"e-font-icon-svg e-fas-info-circle\" viewBox=\"0 0 512 512\" xmlns=\"http:\/\/www.w3.org\/2000\/svg\"><path d=\"M256 8C119.043 8 8 119.083 8 256c0 136.997 111.043 248 248 248s248-111.003 248-248C504 119.083 392.957 8 256 8zm0 110c23.196 0 42 18.804 42 42s-18.804 42-42 42-42-18.804-42-42 18.804-42 42-42zm56 254c0 6.627-5.373 12-12 12h-88c-6.627 0-12-5.373-12-12v-24c0-6.627 5.373-12 12-12h12v-64h-12c-6.627 0-12-5.373-12-12v-24c0-6.627 5.373-12 12-12h64c6.627 0 12 5.373 12 12v100h12c6.627 0 12 5.373 12 12v24z\"><\/path><\/svg>\t\t\t\t\t\t<\/span>\n\t\t\t\t\t\t\t\t\t\t<span class=\"elementor-icon-list-text\">Municipality of Bled<\/span>\n\t\t\t\t\t\t\t\t\t\t\t<\/a>\n\t\t\t\t\t\t\t\t\t<\/li>\n\t\t\t\t\t\t\t\t<li class=\"elementor-icon-list-item\">\n\t\t\t\t\t\t\t\t\t\t\t<a href=\"https:\/\/maps.app.goo.gl\/1hGcK3tPogxAfmce6\" target=\"_blank\">\n\n\t\t\t\t\t\t\t\t\t\t\t\t<span class=\"elementor-icon-list-icon\">\n\t\t\t\t\t\t\t<svg aria-hidden=\"true\" class=\"e-font-icon-svg e-fas-map-marker\" viewBox=\"0 0 384 512\" xmlns=\"http:\/\/www.w3.org\/2000\/svg\"><path d=\"M172.268 501.67C26.97 291.031 0 269.413 0 192 0 85.961 85.961 0 192 0s192 85.961 192 192c0 77.413-26.97 99.031-172.268 309.67-9.535 13.774-29.93 13.773-39.464 0z\"><\/path><\/svg>\t\t\t\t\t\t<\/span>\n\t\t\t\t\t\t\t\t\t\t<span class=\"elementor-icon-list-text\">Cesta svobode 13, 4260 Bled<\/span>\n\t\t\t\t\t\t\t\t\t\t\t<\/a>\n\t\t\t\t\t\t\t\t\t<\/li>\n\t\t\t\t\t\t<\/ul>\n\t\t\t\t\t\t<\/div>\n\t\t\t\t<\/div>\n\t\t\t\t\t<\/div>\n\t\t\t\t<\/div>\n\t\t<div class=\"elementor-element elementor-element-1cecfa3 e-flex e-con-boxed e-con e-child\" data-id=\"1cecfa3\" data-element_type=\"container\" data-e-type=\"container\">\n\t\t\t\t\t<div class=\"e-con-inner\">\n\t\t\t\t<div class=\"elementor-element elementor-element-a354cb5 elementor-widget elementor-widget-heading\" data-id=\"a354cb5\" data-element_type=\"widget\" data-e-type=\"widget\" data-widget_type=\"heading.default\">\n\t\t\t\t<div class=\"elementor-widget-container\">\n\t\t\t\t\t<h2 class=\"elementor-heading-title elementor-size-default\">Contact details<\/h2>\t\t\t\t<\/div>\n\t\t\t\t<\/div>\n\t\t\t\t<div class=\"elementor-element elementor-element-acc5eab elementor-icon-list--layout-traditional elementor-list-item-link-full_width elementor-widget elementor-widget-icon-list\" data-id=\"acc5eab\" data-element_type=\"widget\" data-e-type=\"widget\" data-widget_type=\"icon-list.default\">\n\t\t\t\t<div class=\"elementor-widget-container\">\n\t\t\t\t\t\t\t<ul class=\"elementor-icon-list-items\">\n\t\t\t\t\t\t\t<li class=\"elementor-icon-list-item\">\n\t\t\t\t\t\t\t\t\t\t\t<a href=\"mailto:parking@bled.si\">\n\n\t\t\t\t\t\t\t\t\t\t\t\t<span class=\"elementor-icon-list-icon\">\n\t\t\t\t\t\t\t<svg aria-hidden=\"true\" class=\"e-font-icon-svg e-fas-envelope\" viewBox=\"0 0 512 512\" xmlns=\"http:\/\/www.w3.org\/2000\/svg\"><path d=\"M502.3 190.8c3.9-3.1 9.7-.2 9.7 4.7V400c0 26.5-21.5 48-48 48H48c-26.5 0-48-21.5-48-48V195.6c0-5 5.7-7.8 9.7-4.7 22.4 17.4 52.1 39.5 154.1 113.6 21.1 15.4 56.7 47.8 92.2 47.6 35.7.3 72-32.8 92.3-47.6 102-74.1 131.6-96.3 154-113.7zM256 320c23.2.4 56.6-29.2 73.4-41.4 132.7-96.3 142.8-104.7 173.4-128.7 5.8-4.5 9.2-11.5 9.2-18.9v-19c0-26.5-21.5-48-48-48H48C21.5 64 0 85.5 0 112v19c0 7.4 3.4 14.3 9.2 18.9 30.6 23.9 40.7 32.4 173.4 128.7 16.8 12.2 50.2 41.8 73.4 41.4z\"><\/path><\/svg>\t\t\t\t\t\t<\/span>\n\t\t\t\t\t\t\t\t\t\t<span class=\"elementor-icon-list-text\">parking@bled.si<\/span>\n\t\t\t\t\t\t\t\t\t\t\t<\/a>\n\t\t\t\t\t\t\t\t\t<\/li>\n\t\t\t\t\t\t\t\t<li class=\"elementor-icon-list-item\">\n\t\t\t\t\t\t\t\t\t\t\t<a href=\"tel:+386%20(0)4%20575%2001%2000\">\n\n\t\t\t\t\t\t\t\t\t\t\t\t<span class=\"elementor-icon-list-icon\">\n\t\t\t\t\t\t\t<svg aria-hidden=\"true\" class=\"e-font-icon-svg e-fas-phone-alt\" viewBox=\"0 0 512 512\" xmlns=\"http:\/\/www.w3.org\/2000\/svg\"><path d=\"M497.39 361.8l-112-48a24 24 0 0 0-28 6.9l-49.6 60.6A370.66 370.66 0 0 1 130.6 204.11l60.6-49.6a23.94 23.94 0 0 0 6.9-28l-48-112A24.16 24.16 0 0 0 122.6.61l-104 24A24 24 0 0 0 0 48c0 256.5 207.9 464 464 464a24 24 0 0 0 23.4-18.6l24-104a24.29 24.29 0 0 0-14.01-27.6z\"><\/path><\/svg>\t\t\t\t\t\t<\/span>\n\t\t\t\t\t\t\t\t\t\t<span class=\"elementor-icon-list-text\">+386 (0)4 575 01 00<\/span>\n\t\t\t\t\t\t\t\t\t\t\t<\/a>\n\t\t\t\t\t\t\t\t\t<\/li>\n\t\t\t\t\t\t\t\t<li class=\"elementor-icon-list-item\">\n\t\t\t\t\t\t\t\t\t\t\t<a href=\"tel:+386%2031%20329%20029\">\n\n\t\t\t\t\t\t\t\t\t\t\t\t<span class=\"elementor-icon-list-icon\">\n\t\t\t\t\t\t\t<svg aria-hidden=\"true\" class=\"e-font-icon-svg e-fas-phone-alt\" viewBox=\"0 0 512 512\" xmlns=\"http:\/\/www.w3.org\/2000\/svg\"><path d=\"M497.39 361.8l-112-48a24 24 0 0 0-28 6.9l-49.6 60.6A370.66 370.66 0 0 1 130.6 204.11l60.6-49.6a23.94 23.94 0 0 0 6.9-28l-48-112A24.16 24.16 0 0 0 122.6.61l-104 24A24 24 0 0 0 0 48c0 256.5 207.9 464 464 464a24 24 0 0 0 23.4-18.6l24-104a24.29 24.29 0 0 0-14.01-27.6z\"><\/path><\/svg>\t\t\t\t\t\t<\/span>\n\t\t\t\t\t\t\t\t\t\t<span class=\"elementor-icon-list-text\">+386 31 329 029<\/span>\n\t\t\t\t\t\t\t\t\t\t\t<\/a>\n\t\t\t\t\t\t\t\t\t<\/li>\n\t\t\t\t\t\t<\/ul>\n\t\t\t\t\t\t<\/div>\n\t\t\t\t<\/div>\n\t\t\t\t\t<\/div>\n\t\t\t\t<\/div>\n\t\t\t\t\t<\/div>\n\t\t\t\t<\/div>\n\t\t\t\t<\/div>\n\t\t<div class=\"elementor-element elementor-element-5c9d014 e-con-full e-flex e-con e-child\" data-id=\"5c9d014\" data-element_type=\"container\" data-e-type=\"container\">\n\t\t\t\t<div class=\"elementor-element elementor-element-6bc60f3 elementor-widget elementor-widget-image\" data-id=\"6bc60f3\" data-element_type=\"widget\" data-e-type=\"widget\" data-widget_type=\"image.default\">\n\t\t\t\t<div class=\"elementor-widget-container\">\n\t\t\t\t\t\t\t\t\t\t\t\t\t\t\t<img fetchpriority=\"high\" decoding=\"async\" width=\"2560\" height=\"1707\" src=\"https:\/\/parking.bled.si\/wp-content\/uploads\/2025\/02\/turizem_bled_lokacije_ob_jezeru030-scaled.webp\" class=\"attachment-full size-full wp-image-636\" alt=\"Bled Turizem\" srcset=\"https:\/\/parking.bled.si\/wp-content\/uploads\/2025\/02\/turizem_bled_lokacije_ob_jezeru030-scaled.webp 2560w, https:\/\/parking.bled.si\/wp-content\/uploads\/2025\/02\/turizem_bled_lokacije_ob_jezeru030-300x200.webp 300w, https:\/\/parking.bled.si\/wp-content\/uploads\/2025\/02\/turizem_bled_lokacije_ob_jezeru030-1024x683.webp 1024w, https:\/\/parking.bled.si\/wp-content\/uploads\/2025\/02\/turizem_bled_lokacije_ob_jezeru030-768x512.webp 768w, https:\/\/parking.bled.si\/wp-content\/uploads\/2025\/02\/turizem_bled_lokacije_ob_jezeru030-1536x1024.webp 1536w, https:\/\/parking.bled.si\/wp-content\/uploads\/2025\/02\/turizem_bled_lokacije_ob_jezeru030-2048x1365.webp 2048w\" sizes=\"(max-width: 2560px) 100vw, 2560px\" \/>\t\t\t\t\t\t\t\t\t\t\t\t\t\t\t<\/div>\n\t\t\t\t<\/div>\n\t\t\t\t<\/div>\n\t\t\t\t\t<\/div>\n\t\t\t\t<\/div>\n\t\t\t\t<\/div>\n\t\t","protected":false},"excerpt":{"rendered":"<p>Contact Car park operator Municipality of Bled Contact details +386 31 329 029<\/p>\n","protected":false},"author":2,"featured_media":0,"parent":0,"menu_order":0,"comment_status":"closed","ping_status":"closed","template":"","meta":{"footnotes":""},"class_list":["post-645","page","type-page","status-publish","hentry"],"yoast_head":"<!-- This site is optimized with the Yoast SEO plugin v27.2 - https:\/\/yoast.com\/product\/yoast-seo-wordpress\/ -->\n<title>Contact - Parking Bled - Quick access to information<\/title>\n<meta name=\"description\" content=\"Contact us for easy access to information about parking in the municipality of Bled. Contact us for any questions and help!\" \/>\n<meta name=\"robots\" content=\"index, follow, max-snippet:-1, max-image-preview:large, max-video-preview:-1\" \/>\n<link rel=\"canonical\" href=\"https:\/\/parking.bled.si\/en\/contact\/\" \/>\n<meta property=\"og:locale\" content=\"en_US\" \/>\n<meta property=\"og:type\" content=\"article\" \/>\n<meta property=\"og:title\" content=\"Contact - Parking Bled - Quick access to information\" \/>\n<meta property=\"og:description\" content=\"Contact us for easy access to information about parking in the municipality of Bled. Contact us for any questions and help!\" \/>\n<meta property=\"og:url\" content=\"https:\/\/parking.bled.si\/en\/contact\/\" \/>\n<meta property=\"og:site_name\" content=\"Parking Bled\" \/>\n<meta property=\"article:modified_time\" content=\"2025-02-20T12:20:44+00:00\" \/>\n<meta property=\"og:image\" content=\"https:\/\/parking.bled.si\/wp-content\/uploads\/2025\/02\/turizem_bled_lokacije_ob_jezeru030-scaled.webp\" \/>\n<meta name=\"twitter:card\" content=\"summary_large_image\" \/>\n<meta name=\"twitter:label1\" content=\"Est. reading time\" \/>\n\t<meta name=\"twitter:data1\" content=\"1 minute\" \/>\n<script type=\"application\/ld+json\" class=\"yoast-schema-graph\">{\"@context\":\"https:\/\/schema.org\",\"@graph\":[{\"@type\":\"WebPage\",\"@id\":\"https:\/\/parking.bled.si\/en\/contact\/\",\"url\":\"https:\/\/parking.bled.si\/en\/contact\/\",\"name\":\"Contact - Parking Bled - Quick access to information\",\"isPartOf\":{\"@id\":\"https:\/\/parking.bled.si\/en\/#website\"},\"primaryImageOfPage\":{\"@id\":\"https:\/\/parking.bled.si\/en\/contact\/#primaryimage\"},\"image\":{\"@id\":\"https:\/\/parking.bled.si\/en\/contact\/#primaryimage\"},\"thumbnailUrl\":\"https:\/\/parking.bled.si\/wp-content\/uploads\/2025\/02\/turizem_bled_lokacije_ob_jezeru030-scaled.webp\",\"datePublished\":\"2025-01-31T22:15:00+00:00\",\"dateModified\":\"2025-02-20T12:20:44+00:00\",\"description\":\"Contact us for easy access to information about parking in the municipality of Bled. Contact us for any questions and help!\",\"breadcrumb\":{\"@id\":\"https:\/\/parking.bled.si\/en\/contact\/#breadcrumb\"},\"inLanguage\":\"en-US\",\"potentialAction\":[{\"@type\":\"ReadAction\",\"target\":[\"https:\/\/parking.bled.si\/en\/contact\/\"]}]},{\"@type\":\"ImageObject\",\"inLanguage\":\"en-US\",\"@id\":\"https:\/\/parking.bled.si\/en\/contact\/#primaryimage\",\"url\":\"https:\/\/parking.bled.si\/wp-content\/uploads\/2025\/02\/turizem_bled_lokacije_ob_jezeru030-scaled.webp\",\"contentUrl\":\"https:\/\/parking.bled.si\/wp-content\/uploads\/2025\/02\/turizem_bled_lokacije_ob_jezeru030-scaled.webp\"},{\"@type\":\"BreadcrumbList\",\"@id\":\"https:\/\/parking.bled.si\/en\/contact\/#breadcrumb\",\"itemListElement\":[{\"@type\":\"ListItem\",\"position\":1,\"name\":\"Home\",\"item\":\"https:\/\/parking.bled.si\/en\/\"},{\"@type\":\"ListItem\",\"position\":2,\"name\":\"Contact\"}]},{\"@type\":\"WebSite\",\"@id\":\"https:\/\/parking.bled.si\/en\/#website\",\"url\":\"https:\/\/parking.bled.si\/en\/\",\"name\":\"Parkiri\u0161\u010da Bled\",\"description\":\"Parkiri\u0161\u010da v ob\u010dini Bled\",\"publisher\":{\"@id\":\"https:\/\/parking.bled.si\/en\/#organization\"},\"potentialAction\":[{\"@type\":\"SearchAction\",\"target\":{\"@type\":\"EntryPoint\",\"urlTemplate\":\"https:\/\/parking.bled.si\/en\/?s={search_term_string}\"},\"query-input\":{\"@type\":\"PropertyValueSpecification\",\"valueRequired\":true,\"valueName\":\"search_term_string\"}}],\"inLanguage\":\"en-US\"},{\"@type\":\"Organization\",\"@id\":\"https:\/\/parking.bled.si\/en\/#organization\",\"name\":\"Parking Bled\",\"url\":\"https:\/\/parking.bled.si\/en\/\",\"logo\":{\"@type\":\"ImageObject\",\"inLanguage\":\"en-US\",\"@id\":\"https:\/\/parking.bled.si\/en\/#\/schema\/logo\/image\/\",\"url\":\"https:\/\/parking.bled.si\/wp-content\/uploads\/2025\/02\/bled-logo-grb.png\",\"contentUrl\":\"https:\/\/parking.bled.si\/wp-content\/uploads\/2025\/02\/bled-logo-grb.png\",\"width\":512,\"height\":512,\"caption\":\"Parking Bled\"},\"image\":{\"@id\":\"https:\/\/parking.bled.si\/en\/#\/schema\/logo\/image\/\"}}]}<\/script>\n<!-- \/ Yoast SEO plugin. -->","yoast_head_json":{"title":"Contact - Parking Bled - Quick access to information","description":"Contact us for easy access to information about parking in the municipality of Bled. Contact us for any questions and help!","robots":{"index":"index","follow":"follow","max-snippet":"max-snippet:-1","max-image-preview":"max-image-preview:large","max-video-preview":"max-video-preview:-1"},"canonical":"https:\/\/parking.bled.si\/en\/contact\/","og_locale":"en_US","og_type":"article","og_title":"Contact - Parking Bled - Quick access to information","og_description":"Contact us for easy access to information about parking in the municipality of Bled. Contact us for any questions and help!","og_url":"https:\/\/parking.bled.si\/en\/contact\/","og_site_name":"Parking Bled","article_modified_time":"2025-02-20T12:20:44+00:00","og_image":[{"url":"https:\/\/parking.bled.si\/wp-content\/uploads\/2025\/02\/turizem_bled_lokacije_ob_jezeru030-scaled.webp","type":"","width":"","height":""}],"twitter_card":"summary_large_image","twitter_misc":{"Est. reading time":"1 minute"},"schema":{"@context":"https:\/\/schema.org","@graph":[{"@type":"WebPage","@id":"https:\/\/parking.bled.si\/en\/contact\/","url":"https:\/\/parking.bled.si\/en\/contact\/","name":"Contact - Parking Bled - Quick access to information","isPartOf":{"@id":"https:\/\/parking.bled.si\/en\/#website"},"primaryImageOfPage":{"@id":"https:\/\/parking.bled.si\/en\/contact\/#primaryimage"},"image":{"@id":"https:\/\/parking.bled.si\/en\/contact\/#primaryimage"},"thumbnailUrl":"https:\/\/parking.bled.si\/wp-content\/uploads\/2025\/02\/turizem_bled_lokacije_ob_jezeru030-scaled.webp","datePublished":"2025-01-31T22:15:00+00:00","dateModified":"2025-02-20T12:20:44+00:00","description":"Contact us for easy access to information about parking in the municipality of Bled. Contact us for any questions and help!","breadcrumb":{"@id":"https:\/\/parking.bled.si\/en\/contact\/#breadcrumb"},"inLanguage":"en-US","potentialAction":[{"@type":"ReadAction","target":["https:\/\/parking.bled.si\/en\/contact\/"]}]},{"@type":"ImageObject","inLanguage":"en-US","@id":"https:\/\/parking.bled.si\/en\/contact\/#primaryimage","url":"https:\/\/parking.bled.si\/wp-content\/uploads\/2025\/02\/turizem_bled_lokacije_ob_jezeru030-scaled.webp","contentUrl":"https:\/\/parking.bled.si\/wp-content\/uploads\/2025\/02\/turizem_bled_lokacije_ob_jezeru030-scaled.webp"},{"@type":"BreadcrumbList","@id":"https:\/\/parking.bled.si\/en\/contact\/#breadcrumb","itemListElement":[{"@type":"ListItem","position":1,"name":"Home","item":"https:\/\/parking.bled.si\/en\/"},{"@type":"ListItem","position":2,"name":"Contact"}]},{"@type":"WebSite","@id":"https:\/\/parking.bled.si\/en\/#website","url":"https:\/\/parking.bled.si\/en\/","name":"Parkiri\u0161\u010da Bled","description":"Parkiri\u0161\u010da v ob\u010dini Bled","publisher":{"@id":"https:\/\/parking.bled.si\/en\/#organization"},"potentialAction":[{"@type":"SearchAction","target":{"@type":"EntryPoint","urlTemplate":"https:\/\/parking.bled.si\/en\/?s={search_term_string}"},"query-input":{"@type":"PropertyValueSpecification","valueRequired":true,"valueName":"search_term_string"}}],"inLanguage":"en-US"},{"@type":"Organization","@id":"https:\/\/parking.bled.si\/en\/#organization","name":"Parking Bled","url":"https:\/\/parking.bled.si\/en\/","logo":{"@type":"ImageObject","inLanguage":"en-US","@id":"https:\/\/parking.bled.si\/en\/#\/schema\/logo\/image\/","url":"https:\/\/parking.bled.si\/wp-content\/uploads\/2025\/02\/bled-logo-grb.png","contentUrl":"https:\/\/parking.bled.si\/wp-content\/uploads\/2025\/02\/bled-logo-grb.png","width":512,"height":512,"caption":"Parking Bled"},"image":{"@id":"https:\/\/parking.bled.si\/en\/#\/schema\/logo\/image\/"}}]}},"_links":{"self":[{"href":"https:\/\/parking.bled.si\/en\/wp-json\/wp\/v2\/pages\/645","targetHints":{"allow":["GET"]}}],"collection":[{"href":"https:\/\/parking.bled.si\/en\/wp-json\/wp\/v2\/pages"}],"about":[{"href":"https:\/\/parking.bled.si\/en\/wp-json\/wp\/v2\/types\/page"}],"author":[{"embeddable":true,"href":"https:\/\/parking.bled.si\/en\/wp-json\/wp\/v2\/users\/2"}],"replies":[{"embeddable":true,"href":"https:\/\/parking.bled.si\/en\/wp-json\/wp\/v2\/comments?post=645"}],"version-history":[{"count":7,"href":"https:\/\/parking.bled.si\/en\/wp-json\/wp\/v2\/pages\/645\/revisions"}],"predecessor-version":[{"id":831,"href":"https:\/\/parking.bled.si\/en\/wp-json\/wp\/v2\/pages\/645\/revisions\/831"}],"wp:attachment":[{"href":"https:\/\/parking.bled.si\/en\/wp-json\/wp\/v2\/media?parent=645"}],"curies":[{"name":"wp","href":"https:\/\/api.w.org\/{rel}","templated":true}]}}